{"id":2511,"date":"2022-12-06T17:41:22","date_gmt":"2022-12-06T17:41:22","guid":{"rendered":"https:\/\/iguanalocation.com\/?post_type=product&#038;p=2511"},"modified":"2026-04-13T16:39:00","modified_gmt":"2026-04-13T16:39:00","slug":"voitures-electriques","status":"publish","type":"product","link":"https:\/\/iguanalocation.com\/index.php\/produit\/voitures-electriques\/","title":{"rendered":"Voitures \u00e9lectriques"},"content":{"rendered":"<p>Roulez en silence et \u00e9cologiquement en louant une voiturette \u00e9lectrique !<\/p>\n<p>V\u00e9hicule 4 place<\/p>\n<p>Permis B obligatoire<\/p>\n<p>Caution de 900 \u20ac en empreinte bancaire \u00e0 effectuer sur place.<\/p>\n","protected":false},"excerpt":{"rendered":"<p>Roulez en silence et \u00e9cologiquement en louant une voiturette\u00a0 No Smoke \u00e9lectrique !<\/p>\n<p>V\u00e9hicule 4 place<\/p>\n<p>Permis B obligatoire<\/p>\n<p>Caution de 900 \u20ac en empreinte bancaire \u00e0 effectuer sur place.<\/p>\n","protected":false},"featured_media":4350,"template":"","meta":[],"product_cat":[153],"product_tag":[],"class_list":["post-2511","product","type-product","status-publish","has-post-thumbnail","hentry","product_cat-voiture-electrique"],"_links":{"self":[{"href":"https:\/\/iguanalocation.com\/index.php\/wp-json\/wp\/v2\/product\/2511","targetHints":{"allow":["GET"]}}],"collection":[{"href":"https:\/\/iguanalocation.com\/index.php\/wp-json\/wp\/v2\/product"}],"about":[{"href":"https:\/\/iguanalocation.com\/index.php\/wp-json\/wp\/v2\/types\/product"}],"wp:featuredmedia":[{"embeddable":true,"href":"https:\/\/iguanalocation.com\/index.php\/wp-json\/wp\/v2\/media\/4350"}],"wp:attachment":[{"href":"https:\/\/iguanalocation.com\/index.php\/wp-json\/wp\/v2\/media?parent=2511"}],"wp:term":[{"taxonomy":"product_cat","embeddable":true,"href":"https:\/\/iguanalocation.com\/index.php\/wp-json\/wp\/v2\/product_cat?post=2511"},{"taxonomy":"product_tag","embeddable":true,"href":"https:\/\/iguanalocation.com\/index.php\/wp-json\/wp\/v2\/product_tag?post=2511"}],"curies":[{"name":"wp","href":"https:\/\/api.w.org\/{rel}","templated":true}]}}