{"id":2510,"date":"2022-12-06T17:41:21","date_gmt":"2022-12-06T17:41:21","guid":{"rendered":"https:\/\/iguanalocation.com\/?post_type=product&#038;p=2510"},"modified":"2026-02-28T15:50:09","modified_gmt":"2026-02-28T15:50:09","slug":"velos-electriques","status":"publish","type":"product","link":"https:\/\/iguanalocation.com\/index.php\/produit\/velos-electriques\/","title":{"rendered":"V\u00e9los \u00e9lectriques"},"content":{"rendered":"<p>En solo ou en groupe, le v\u00e9lo \u00e0 assistance \u00e9lectrique vous offre une sensation de libert\u00e9 id\u00e9ale pour la d\u00e9couverte de Terre de Bas<\/p>\n<p>Caution de 250 \u20ac en empreinte bancaire \u00e0 effectuer sur place.<\/p>\n","protected":false},"excerpt":{"rendered":"<p>En solo ou en groupe, le v\u00e9lo \u00e0 assistance \u00e9lectrique vous offre une sensation de libert\u00e9 id\u00e9ale pour la d\u00e9couverte de Terre de Bas<\/p>\n<p>Caution de 250 \u20ac en empreinte bancaire \u00e0 effectuer sur place.<\/p>\n","protected":false},"featured_media":1910,"template":"","meta":[],"product_cat":[151],"product_tag":[],"class_list":["post-2510","product","type-product","status-publish","has-post-thumbnail","hentry","product_cat-quad"],"_links":{"self":[{"href":"https:\/\/iguanalocation.com\/index.php\/wp-json\/wp\/v2\/product\/2510","targetHints":{"allow":["GET"]}}],"collection":[{"href":"https:\/\/iguanalocation.com\/index.php\/wp-json\/wp\/v2\/product"}],"about":[{"href":"https:\/\/iguanalocation.com\/index.php\/wp-json\/wp\/v2\/types\/product"}],"wp:featuredmedia":[{"embeddable":true,"href":"https:\/\/iguanalocation.com\/index.php\/wp-json\/wp\/v2\/media\/1910"}],"wp:attachment":[{"href":"https:\/\/iguanalocation.com\/index.php\/wp-json\/wp\/v2\/media?parent=2510"}],"wp:term":[{"taxonomy":"product_cat","embeddable":true,"href":"https:\/\/iguanalocation.com\/index.php\/wp-json\/wp\/v2\/product_cat?post=2510"},{"taxonomy":"product_tag","embeddable":true,"href":"https:\/\/iguanalocation.com\/index.php\/wp-json\/wp\/v2\/product_tag?post=2510"}],"curies":[{"name":"wp","href":"https:\/\/api.w.org\/{rel}","templated":true}]}}