{"id":1944,"date":"2022-09-13T16:29:38","date_gmt":"2022-09-13T16:29:38","guid":{"rendered":"https:\/\/iguanalocation.com\/?page_id=1944"},"modified":"2022-12-13T20:29:21","modified_gmt":"2022-12-13T20:29:21","slug":"conditions-generales-de-vente","status":"publish","type":"page","link":"https:\/\/iguanalocation.com\/index.php\/conditions-generales-de-vente\/","title":{"rendered":"Conditions g\u00e9n\u00e9rales de Vente"},"content":{"rendered":"\t\t<div data-elementor-type=\"wp-page\" data-elementor-id=\"1944\" class=\"elementor elementor-1944\">\n\t\t\t\t\t\t\t\t\t<section class=\"elementor-section elementor-top-section elementor-element elementor-element-583a88ea elementor-section-boxed elementor-section-height-default elementor-section-height-default wpr-particle-no wpr-jarallax-no wpr-parallax-no wpr-sticky-section-no\" data-id=\"583a88ea\" data-element_type=\"section\">\n\t\t\t\t\t\t<div class=\"elementor-container elementor-column-gap-default\">\n\t\t\t\t\t<div class=\"elementor-column elementor-col-100 elementor-top-column elementor-element elementor-element-60310c11\" data-id=\"60310c11\" data-element_type=\"column\">\n\t\t\t<div class=\"elementor-widget-wrap elementor-element-populated\">\n\t\t\t\t\t\t\t\t<div class=\"elementor-element elementor-element-48a07944 elementor-widget elementor-widget-text-editor\" data-id=\"48a07944\" data-element_type=\"widget\" data-widget_type=\"text-editor.default\">\n\t\t\t\t<div class=\"elementor-widget-container\">\n\t\t\t<style>\/*! elementor - v3.8.1 - 13-11-2022 *\/\n.elementor-widget-text-editor.elementor-drop-cap-view-stacked .elementor-drop-cap{background-color:#818a91;color:#fff}.elementor-widget-text-editor.elementor-drop-cap-view-framed .elementor-drop-cap{color:#818a91;border:3px solid;background-color:transparent}.elementor-widget-text-editor:not(.elementor-drop-cap-view-default) .elementor-drop-cap{margin-top:8px}.elementor-widget-text-editor:not(.elementor-drop-cap-view-default) .elementor-drop-cap-letter{width:1em;height:1em}.elementor-widget-text-editor .elementor-drop-cap{float:left;text-align:center;line-height:1;font-size:50px}.elementor-widget-text-editor .elementor-drop-cap-letter{display:inline-block}<\/style>\t\t\t\t<p><!-- wp:paragraph --><\/p>\n<p>Conditions G\u00e9n\u00e9rales de Vente<br>DEFINITION DES PARTIES<br>Entre la Soci\u00e9t\u00e9 Iguana Location,<br>310 rue de l&#8217;Anse des M\u00fbriers, 9713-, Terre de BAS<br>au Capital Social de 7500\u20ac,<br>immatricul\u00e9e au Registre du Commerce et des Soci\u00e9t\u00e9s de Basse Terre,<br>sous le num\u00e9ro SIRET 75204520300011,<br>repr\u00e9sent\u00e9e par Francine Claus<br>en qualit\u00e9 de Pr\u00e9sidente,<br>d\u00fbment habilit\u00e9 aux fins des pr\u00e9sentes.<br>La soci\u00e9t\u00e9 peut \u00eatre jointe par email en cliquant sur le formulaire de contact accessible via la<br>page d\u2019accueil du site.<br>Ci-apr\u00e8s la \u00ab Soci\u00e9t\u00e9 \u00bb.<br>D\u2019une part,<br>Et la personne physique ou morale proc\u00e9dant \u00e0 l\u2019achat de produits ou services de la soci\u00e9t\u00e9,<br>Ci-apr\u00e8s, \u00ab l\u2019Utilisateur \u00bb,<br>D\u2019autre part,<br>PREAMBULE<br>Iguana Location est \u00e9diteur de Prestations et d&#8217;Articles commercialis\u00e9s par<br>l\u2019interm\u00e9diaire de son site Internet. La liste et le descriptif des biens et services propos\u00e9s par<br>la Soci\u00e9t\u00e9 peuvent \u00eatre consult\u00e9s sur le site susmentionn\u00e9 ainsi que ses pages de vente.<br>Les termes employ\u00e9s auront la signification donn\u00e9e ci-apr\u00e8s, qu&#8217;ils soient utilis\u00e9s au singulier<br>ou au pluriel :<br>\u2022 IL : Iguana Location<br>\u2022 La Soci\u00e9t\u00e9 : Iguana Location<br>\u2022 CGV : Conditions G\u00e9n\u00e9rales de Vente<br>\u2022 Site ou site web : r\u00e9f\u00e8re au site web d IG : www.iguanalocation.com<br>\u2022 L&#8217;Utilisateur : d\u00e9signe toute personne qui commande, r\u00e9serve et\/ou ach\u00e8te une ou<br>plusieurs prestations sur le site de IL<br>\u2022 Article : d\u00e9signe tout article vendu dans la eboutique du site web de IL<br>\u2022 Eboutique : d\u00e9signe l\u2019espace de vente en ligne h\u00e9berg\u00e9 sur le site web de IL<br>\u2022 Prestation : signifie toute prestation de services fournie par IL<br>pouvant \u00eatre command\u00e9e ou r\u00e9serv\u00e9e en ligne sur le site web de IL<br>\u2022 Force majeure : d\u00e9signe un \u00e9v\u00e9nement tel qu&#8217;une catastrophe naturelle ou un \u00e9v\u00e9nement<br>politique majeur, qui s&#8217;av\u00e8re \u00eatre, au regard de ses circonstances, impr\u00e9visible, irr\u00e9sistible et<br>ext\u00e9rieur et qui est ainsi retenu \u00e0 ce titre par la jurisprudence de la Cour de Cassation.<br>L\u2019inex\u00e9cution d&#8217;un contrat en France est r\u00e9git par l&#8217;article du Code civil fran\u00e7ais : articles 1217<br>et 1218.<br>\u2022 D\u00e9faut de service : d\u00e9signe l\u2019incapacit\u00e9 de IL\u00e0 fournir les<br>prestations pay\u00e9es par L&#8217;utilisateur.<\/p>\n<p><!-- \/wp:paragraph --><\/p>\n<p><!-- wp:paragraph --><\/p>\n<p><br>ARTICLE 1 &#8211; OBJET<br>Les pr\u00e9sentes Conditions G\u00e9n\u00e9rales de Vente d\u00e9terminent les droits et obligations des<br>parties dans le cadre de la vente en ligne de Prestations et d&#8217;Articles propos\u00e9s par La Soci\u00e9t\u00e9.<\/p>\n<p><!-- \/wp:paragraph --><\/p>\n<p><!-- wp:paragraph --><\/p>\n<p><br>ARTICLE 2 &#8211; DISPOSITIONS GENERALES<br>Les pr\u00e9sentes Conditions G\u00e9n\u00e9rales de Vente (CGV) s\u2019appliquent \u00e0 toutes les ventes de<br>Prestations et d&#8217;Articles effectu\u00e9es au travers du site Internet de La Soci\u00e9t\u00e9 et sont partie<br>int\u00e9grante du Contrat entre L&#8217;Utilisateur et La Soci\u00e9t\u00e9. La Soci\u00e9t\u00e9 se r\u00e9serve la possibilit\u00e9 de<br>modifier les pr\u00e9sentes, \u00e0 tout moment par la publication d\u2019une nouvelle version sur son site<br>Internet. Les CGV applicables alors sont celles \u00e9tant en vigueur \u00e0 la date du paiement de la<br>commande. Ces CGV sont consultables sur le site Internet de La Soci\u00e9t\u00e9 \u00e0 l\u2019adresse suivante :<br><a href=\"https:\/\/iguanalocation.com\/index.php\/conditions-generales-de-vente\/\">www.iguanalocation.com\/conditions-generales-vente<\/a>. La Soci\u00e9t\u00e9 s\u2019assure \u00e9galement<br>que leur acceptation soit claire et sans r\u00e9serve au moment de l\u2019achat. L&#8217;Utilisateur d\u00e9clare<br>avoir pris connaissance de l\u2019ensemble des pr\u00e9sentes Conditions G\u00e9n\u00e9rales de Vente, et les<br>accepter sans restriction ni r\u00e9serve. L&#8217;Utilisateur reconna\u00eet qu\u2019il a b\u00e9n\u00e9fici\u00e9 des conseils et<br>informations n\u00e9cessaires afin de s\u2019assurer de l\u2019ad\u00e9quation de l\u2019offre \u00e0 ses besoins.<br>L&#8217;Utilisateur d\u00e9clare \u00eatre en mesure de contracter l\u00e9galement en vertu des lois fran\u00e7aises ou<br>valablement repr\u00e9senter la personne physique ou morale pour laquelle il s\u2019engage.<br>L&#8217;Utilisateur achetant une prestation sur le site web de La Soci\u00e9t\u00e9, reconna\u00eet avoir la capacit\u00e9<br>de contracter aux conditions d\u00e9crites dans les pr\u00e9sentes CGV r\u00e9dig\u00e9es par La Soci\u00e9t\u00e9.<br>L&#8217;Utilisateur souscripteur doit \u00eatre majeur (\u00e2g\u00e9 d\u2019au moins 18 ans) \u00eatre capable<br>juridiquement de contracter et de ne pas \u00eatre sous tutelle ou curatelle. Les prestations, sauf<br>mention contraire, s\u2019adressent \u00e0 un public d\u2019individuels, et payables par un adulte majeur.<br>Les enfants mineurs devront \u00eatre accompagn\u00e9s d\u2019au moins un adulte.<br>L&#8217;Utilisateur atteste de la v\u00e9racit\u00e9 et de l\u2019exactitude de l\u2019ensemble des informations qu\u2019il<br>communique \u00e0 lors de ses commandes.<br>En r\u00e9servant, L&#8217;Utilisateur accepte d\u2019assumer la pleine et enti\u00e8re responsabilit\u00e9 financi\u00e8re y<br>compris, lorsqu\u2019il agit pour le compte d\u2019autres personnes qui l\u2019ont autoris\u00e9 \u00e0 r\u00e9server pour<br>elles. Dans ce cas, lesdites personnes sont solidairement tenues au paiement des prestations<br>r\u00e9serv\u00e9es pour leur compte. Il est de la responsabilit\u00e9 de L&#8217;Utilisateur de communiquer \u00e0 ces<br>personnes les pr\u00e9sentes CGV en leur pr\u00e9cisant qu\u2019elles leur sont applicables.<br>L&#8217;\u2019achat d\u2019une prestation entra\u00eene l\u2019enti\u00e8re adh\u00e9sion de L&#8217;Utilisateur en son nom propre et<br>pour son compte, mais \u00e9galement pour le compte de toutes les personnes b\u00e9n\u00e9ficiaires de la<br>commande, \u00e0 ces Conditions G\u00e9n\u00e9rales de Vente et l\u2019acceptation sans r\u00e9serve de l\u2019int\u00e9gralit\u00e9<br>de leurs dispositions.<br>L\u2019acte d\u2019achat signifie l\u2019acceptation sans r\u00e9serve de l\u2019int\u00e9gralit\u00e9 des Conditions de<br>Vente . En effet, en cliquant sur \u00ab Valider \u00bb \u00e0 la fin du<br>processus de commande et en cochant la case \u00ab J\u2019accepte les Conditions G\u00e9n\u00e9rales de<br>Vente \u00bb, l&#8217;utilisateur d\u00e9clare avoir pris connaissance et accept\u00e9, sans r\u00e9serve, l\u2019int\u00e9gralit\u00e9 des<br>Conditions G\u00e9n\u00e9rales de Vente. Sans cette acceptation, la poursuite du processus est techniquement impossible.<br>Sauf preuve contraire les informations enregistr\u00e9es par La Soci\u00e9t\u00e9 constituent la preuve de<br>l\u2019ensemble des transactions.<\/p>\n<p><!-- \/wp:paragraph --><\/p>\n<p><!-- wp:paragraph --><\/p>\n<p><br>ARTICLE 3 &#8211; PRIX<br>Les prix des produits vendus au travers des sites Internet sont indiqu\u00e9s en Euros TTC et<br>pr\u00e9cis\u00e9ment d\u00e9termin\u00e9s sur les pages de descriptifs des Prestations et Articles. Ils sont<br>\u00e9galement indiqu\u00e9s en euros toutes taxes comprises (TVA + autres taxes \u00e9ventuelles) sur la<br>page de commande des Prestations et Articles. Ces sommes ne rel\u00e8vent pas du ressort de la<br>Soci\u00e9t\u00e9. Ils seront \u00e0 la charge de L&#8217;Utilisateur et rel\u00e8vent de sa responsabilit\u00e9 (d\u00e9clarations,<br>paiement aux autorit\u00e9s comp\u00e9tentes, etc.). La Soci\u00e9t\u00e9 invite \u00e0 ce titre L&#8217;Utilisateur \u00e0 se<br>renseigner sur ces aspects aupr\u00e8s des autorit\u00e9s locales correspondantes. La Soci\u00e9t\u00e9 se<br>r\u00e9serve la possibilit\u00e9 de modifier ses prix \u00e0 tout moment pour l\u2019avenir.<\/p>\n<p><!-- \/wp:paragraph --><\/p>\n<p><!-- wp:paragraph --><\/p>\n<p><br>ARTICLE 4 &#8211; CONCLUSION DU CONTRAT EN LIGNE<br>L&#8217;Utilisateur devra suivre une s\u00e9rie d\u2019\u00e9tapes sp\u00e9cifiques \u00e0 chaque Prestation ou Article offert<br>\u00e0 la vente par La Soci\u00e9t\u00e9 pour pouvoir r\u00e9aliser sa commande. Toutefois, les \u00e9tapes d\u00e9crites<br>ci-apr\u00e8s sont syst\u00e9matiques : \u2013 Information sur les caract\u00e9ristiques essentielles de la<br>Prestation ou Article ; \u2013 Choix des Prestations et Articles, le cas \u00e9ch\u00e9ant de ses options et<br>indication des donn\u00e9es essentielles du Client (identification, adresse mail\u2026) ; \u2013 Acceptation<br>des pr\u00e9sentes Conditions G\u00e9n\u00e9rales de Vente. \u2013 V\u00e9rification des \u00e9l\u00e9ments de la commande<br>et, le cas \u00e9ch\u00e9ant, correction des erreurs. \u2013 Suivi des instructions pour le paiement, et<br>paiement des Prestations et Articles. \u2013 R\u00e9capitulatif des Prestations et Articles. L\u2019Utilisateur<br>recevra alors confirmation par courrier \u00e9lectronique du paiement de la commande, ainsi<br>qu\u2019un accus\u00e9 de r\u00e9ception de la commande la confirmant. Il recevra un exemplaire .pdf des<br>pr\u00e9sentes conditions g\u00e9n\u00e9rales de vente. Aux fins de bonne r\u00e9alisation de la commande,<br>L\u2019Utilisateur s\u2019engage \u00e0 fournir ses \u00e9l\u00e9ments d\u2019identification v\u00e9ridiques. La Soci\u00e9t\u00e9 se r\u00e9serve<br>la possibilit\u00e9 de refuser la commande, par exemple pour toute demande anormale, r\u00e9alis\u00e9e<br>de mauvaise foi ou pour tout motif l\u00e9gitime.<\/p>\n<p><!-- \/wp:paragraph --><\/p>\n<p><!-- wp:paragraph --><\/p>\n<p><br>ARTICLE 5 &#8211; PRESTATIONS ET ARTICLES<br>La Soci\u00e9t\u00e9 propose de la location de v\u00e9hicule motoris\u00e9s sur Terre-de-Bas<br>Les caract\u00e9ristiques essentielles des Prestations sont mis \u00e0 disposition de L&#8217;Utilisateur sur les<br>sites Internet de la soci\u00e9t\u00e9. L&#8217;Utilisateur atteste avoir re\u00e7u le d\u00e9tail des Prestations et Articles<br>ainsi que les modalit\u00e9s de paiement, et d\u2019ex\u00e9cution du contrat. La Soci\u00e9t\u00e9 s\u2019engage \u00e0 honorer<br>la commande de L&#8217;Utilisateur dans la limite des stocks disponibles uniquement. A d\u00e9faut,<br>l&#8217;achat ne sera pas permis. Ces informations contractuelles sont pr\u00e9sent\u00e9es en d\u00e9tail et en<br>langue fran\u00e7aise. Conform\u00e9ment \u00e0 la loi fran\u00e7aise, elles font l\u2019objet d\u2019un r\u00e9capitulatif et d\u2019une<br>confirmation lors de la validation de la commande. Les parties conviennent que les<br>illustrations ou photos des produits offerts \u00e0 la vente n\u2019ont pas de valeur contractuelle. La<br>dur\u00e9e de validit\u00e9 de l\u2019offre des Prestation et Articles, ainsi que leurs prix est pr\u00e9cis\u00e9e sur les<br>pages de ventes des Prestations et Articles, ainsi que la dur\u00e9e minimale des contrats<br>propos\u00e9s lorsque ceux-ci portent sur une fourniture continue ou p\u00e9riodique de Prestations et<br>Articles.<\/p>\n<p><!-- \/wp:paragraph --><\/p>\n<p><!-- wp:paragraph --><\/p>\n<p><br>ARTICLE 6 &#8211; CLAUSES D&#8217;ANNULATION<br>Mise \u00e0 jour des conditions g\u00e9n\u00e9rales de vente, rentrant en vigueur pour toute nouvelle<br>souscription \u00e0 compter du 27 juin 2022.<br>La r\u00e9servation r\u00e9alis\u00e9e n\u2019est valable que pour la date et \/ ou la p\u00e9riode et la prestation<br>choisie par l&#8217;utilisateur lors de la commande. Une fois le r\u00e8glement effectu\u00e9, la commande<br>est pass\u00e9e, les prestations r\u00e9serv\u00e9es. L\u2019annulation de la r\u00e9servation est soumise \u00e0 un bar\u00e8me<br>d\u2019application de frais d\u2019annulation, consultable ci-dessous.<br>Cas de figure envisag\u00e9s Cons\u00e9quences pour le Client<\/p>\n<p><!-- \/wp:paragraph --><\/p>\n<p><!-- wp:paragraph --><\/p>\n<p><br>Le Client annule plus de 72 heures avant l\u2019heure de l\u2019ex\u00e9cution de la Prestation :<br>La Soci\u00e9t\u00e9 proc\u00e8de \u00e0 remboursement int\u00e9gral du montant des prestations concern\u00e9es.<\/p>\n<p><!-- \/wp:paragraph --><\/p>\n<p><!-- wp:paragraph --><\/p>\n<p><br>Le Client annule moins de 72 heures avant l\u2019ex\u00e9cution des Prestations :<br>La Soci\u00e9t\u00e9 conserve l\u2019int\u00e9gralit\u00e9 des sommes pay\u00e9es par le Client.<\/p>\n<p><!-- \/wp:paragraph --><\/p>\n<p><!-- wp:paragraph --><\/p>\n<p><br>Annulation du client :<br>Les demandes de remboursement sont effectu\u00e9es par l\u2019Utilisateur par email \u00e0<br>contact@iguanalocation.com (num\u00e9ro de commande \u00e0 fournir).<br><br><br><br>ARTICLE 7 &#8211; CLAUSES DE MODIFICATION<br>La modification des prestations s\u2019effectue par l\u2019Utilisateur aupr\u00e8s de IL en fonction<br>de ses stocks disponibles. Les frais de modification sont \u00e0 la discr\u00e9tion de IL.<\/p>\n<p><!-- \/wp:paragraph --><\/p>\n<p><!-- wp:paragraph --><\/p>\n<p><br>ARTICLE 8 \u2013 UTILISATION ET DEROULEMENT DES PRESTATIONS<\/p>\n<p><!-- \/wp:paragraph --><\/p>\n<p><!-- wp:paragraph --><\/p>\n<p><br>Le Client ne se pr\u00e9sente pas \u00e0 la date et \u00e0 l\u2019heure convenue pour la Prestation :<br>La Soci\u00e9t\u00e9 conserve l\u2019int\u00e9gralit\u00e9 des sommes pay\u00e9es par le Client.<\/p>\n<p><!-- \/wp:paragraph --><\/p>\n<p><!-- wp:paragraph --><\/p>\n<p><br>Les offres propos\u00e9es par La Soci\u00e9t\u00e9 sont valables dans la limite des disponibilit\u00e9s des<br>Stocks disponibles. Les stocks propos\u00e9s sont mis \u00e0 jour en ligne. <br><br><br>ARTICLE 9 &#8211; PAIMENT<br>Le paiement est exigible imm\u00e9diatement \u00e0 la commande. L&#8217;Utilisateur peut effectuer le<br>r\u00e8glement en ligne via le syst\u00e8me s\u00e9curis\u00e9 de La Soci\u00e9t\u00e9. Le paiement s\u00e9curis\u00e9 en ligne par<br>carte bancaire est r\u00e9alis\u00e9 par notre prestataire de paiement STRIPE. Les informations<br>transmises sont chiffr\u00e9es dans les r\u00e8gles de l\u2019art et ne peuvent \u00eatre lues au cours du<br>transport sur le r\u00e9seau. Une fois le paiement r\u00e9alis\u00e9 par L&#8217;Utilisateur, la transaction est<br>imm\u00e9diatement d\u00e9bit\u00e9e apr\u00e8s v\u00e9rification des informations. Conform\u00e9ment aux dispositions<br>du Code mon\u00e9taire et financier, l\u2019engagement de payer donn\u00e9 par carte est irr\u00e9vocable. En<br>communiquant ses informations bancaires lors de la vente, L&#8217;Utilisateur autorise La Soci\u00e9t\u00e9 \u00e0<br>d\u00e9biter sa carte du montant relatif au prix indiqu\u00e9. L&#8217;Utilisateur confirme qu\u2019il est bien le<br>titulaire l\u00e9gal de la carte \u00e0 d\u00e9biter et qu\u2019il est l\u00e9galement en droit d\u2019en faire usage. En cas<br>d\u2019erreur, ou d\u2019impossibilit\u00e9 de d\u00e9biter la carte, la Vente est imm\u00e9diatement r\u00e9solue de plein<br>droit et la commande annul\u00e9e.<\/p>\n<p><!-- \/wp:paragraph --><\/p>\n<p><!-- wp:paragraph --><\/p>\n<p><br>ARTICLE 10 &#8211; DELAI DE RETRACTATION<br>Conform\u00e9ment \u00e0 l\u2019article L. 121-20 du Code de la consommation, \u00ab le consommateur dispose<br>d\u2019un d\u00e9lai de quatorze jours francs pour exercer son droit de r\u00e9tractation sans avoir \u00e0 justifier<br>de motifs ni \u00e0 payer de p\u00e9nalit\u00e9s, \u00e0 l\u2019exception, le cas \u00e9ch\u00e9ant, des frais de retour \u00bb. \u00ab Le<br>d\u00e9lai mentionn\u00e9 \u00e0 l\u2019alin\u00e9a pr\u00e9c\u00e9dent court \u00e0 compter de la r\u00e9ception pour les biens ou de<br>l\u2019acceptation de l\u2019offre pour les prestations de services \u00bb. D\u00e8s lors de la souscription du<br>service prodigu\u00e9, traduit par l\u2019acte d\u2019achat des prestations fournit par la Soci\u00e9t\u00e9, l\u2019Utilisateur<br>a alors consomm\u00e9 le service de mise en relation, prodigu\u00e9 par la Soci\u00e9t\u00e9. Les conditions<br>d\u2019annulation et de modification sus nomm\u00e9es sont alors applicables.<br><\/p>\n<p><!-- \/wp:paragraph --><\/p>\n<p><!-- wp:paragraph --><\/p>\n<p><br>ARTICLE 11 &#8211; RECLAMATIONS<br>Le cas \u00e9ch\u00e9ant, L&#8217;Utilisateur peut pr\u00e9senter toute r\u00e9clamation en contactant la soci\u00e9t\u00e9 par<br>email ou par lettre simple.<\/p>\n<p><!-- \/wp:paragraph --><\/p>\n<p><!-- wp:paragraph --><\/p>\n<p><br>ARTICLE 12 &#8211; DROITS DE PROPRIETE INTELLECTUELLE<br>Les marques, noms de domaines, produits, logiciels, images, vid\u00e9os, textes ou plus<br>g\u00e9n\u00e9ralement toute information objet de droits de propri\u00e9t\u00e9 intellectuelle sont et restent la<br>propri\u00e9t\u00e9 exclusive du vendeur. Aucune cession de droits de propri\u00e9t\u00e9 intellectuelle n\u2019est<br>r\u00e9alis\u00e9e au travers des pr\u00e9sentes CGV. Toute reproduction totale ou partielle, modification ou<br>utilisation de ces biens pour quelque motif que ce soit est strictement interdite.<\/p>\n<p><!-- \/wp:paragraph --><\/p>\n<p><!-- wp:paragraph --><\/p>\n<p><br>ARTICLE 13 &#8211; FORCE MAJEURE<br>L\u2019ex\u00e9cution des obligations du vendeur au terme des pr\u00e9sentes est suspendue en cas de<br>survenance d\u2019un cas fortuit ou de force majeure qui en emp\u00eacherait l\u2019ex\u00e9cution. La Soci\u00e9t\u00e9<br>avisera le client de la survenance d\u2019un tel \u00e9v\u00e8nement d\u00e8s que possible.<\/p>\n<p><!-- \/wp:paragraph --><\/p>\n<p><!-- wp:paragraph --><\/p>\n<p><br>ARTICLE 14 &#8211; NULLITE ET MODIFICATION DU CONTRAT<br>Si l\u2019une des stipulations du pr\u00e9sent contrat \u00e9tait annul\u00e9e, cette nullit\u00e9 n\u2019entra\u00eenerait pas la<br>nullit\u00e9 des autres stipulations qui demeureront en vigueur entre les parties. Toute<br>modification contractuelle n\u2019est valable qu\u2019apr\u00e8s un accord \u00e9crit et sign\u00e9 des parties.<\/p>\n<p><!-- \/wp:paragraph --><\/p>\n<p><!-- wp:paragraph --><\/p>\n<p><br>ARTICLE 15 &#8211; RGPD ET PROTECTION DES DONNEES PERSONNELLES<br>Conform\u00e9ment au r\u00e8glement europ\u00e9en en mati\u00e8re de protection des donn\u00e9es personnelles,<br>vous disposez des droits d\u2019interrogation, d\u2019acc\u00e8s, de modification, d\u2019opposition et de<br>rectification sur les donn\u00e9es personnelles vous concernant. En adh\u00e9rant \u00e0 ces conditions<br>g\u00e9n\u00e9rales de vente, vous consentez \u00e0 ce que nous collections et utilisions ces donn\u00e9es pour<br>l\u2019ex\u00e9cution du pr\u00e9sent contrat.<br>Pour toute premi\u00e8re commande, L&#8217;Utilisateur devra au pr\u00e9alable cr\u00e9er un compte personnel<br>et renseigner \u00e0 cet effet le formulaire d\u2019inscription pr\u00e9vu \u00e0 cet effet sur l\u2019onglet \u00ab cr\u00e9er un<br>compte \u00bb du Site.<br>L\u2019ouverture d\u2019un compte personnel comprend notamment la saisie de : une adresse<br>\u00e9lectronique et un mot de passe.<br>L&#8217;Utilisateur s\u2019engage \u00e0 remplir le formulaire d\u2019inscription en veillant \u00e0 donner les<br>informations n\u00e9cessaires, compl\u00e8tes et exactes et, le cas \u00e9ch\u00e9ant, \u00e0 proc\u00e9der \u00e0 leur mise \u00e0<br>jour en cas de modifications ult\u00e9rieures.<br>La Soci\u00e9t\u00e9 d\u00e9cline toute responsabilit\u00e9 pour le cas o\u00f9 l&#8217;adresse de la messagerie \u00e9lectronique<br>indiqu\u00e9e par l&#8217;utilisateur lors de la cr\u00e9ation de son compte client serait erron\u00e9e ou<br>incompl\u00e8te.<br>Les identifiants de L&#8217;Utilisateur sont personnels et devront \u00eatre tenus confidentiels.<br>L&#8217;Utilisateur s\u2019interdit de les divulguer \u00e0 un tiers ou de les c\u00e9der.<br>L&#8217;Utilisateur est responsable de l\u2019utilisation de ses identifiants et, le cas \u00e9ch\u00e9ant, il lui<br>appartient d\u2019informer imm\u00e9diatement par \u00e9crit la Soci\u00e9t\u00e9, de toute utilisation de ses<br>identifiants faite \u00e0 son insu afin que cette derni\u00e8re proc\u00e8de \u00e0 la d\u00e9sactivation desdits<br>identifiants.<\/p>\n<p><!-- \/wp:paragraph --><\/p>\n<p><!-- wp:paragraph --><\/p>\n<p><br>ARTICLE 16 &#8211; DROIT APPLICABLE<br>Toutes les clauses figurant dans les pr\u00e9sentes conditions g\u00e9n\u00e9rales de vente, ainsi que toutes<br>les op\u00e9rations d\u2019achat et de vente qui y sont vis\u00e9es, seront soumises au droit fran\u00e7ais.<\/p>\n<p><!-- \/wp:paragraph --><\/p>\t\t\t\t\t\t<\/div>\n\t\t\t\t<\/div>\n\t\t\t\t\t<\/div>\n\t\t<\/div>\n\t\t\t\t\t\t\t<\/div>\n\t\t<\/section>\n\t\t\t\t\t\t\t<\/div>\n\t\t","protected":false},"excerpt":{"rendered":"<p>Conditions G\u00e9n\u00e9rales de VenteDEFINITION DES PARTIESEntre la Soci\u00e9t\u00e9 Iguana Location,310 rue de l&#8217;Anse des M\u00fbriers, 9713-, Terre de BASau Capital Social de 7500\u20ac,immatricul\u00e9e au Registre du Commerce et des Soci\u00e9t\u00e9s de Basse Terre,sous le num\u00e9ro SIRET 75204520300011,repr\u00e9sent\u00e9e par Francine Clausen qualit\u00e9 de Pr\u00e9sidente,d\u00fbment habilit\u00e9 aux fins des pr\u00e9sentes.La soci\u00e9t\u00e9 peut \u00eatre jointe par email en [&hellip;]<\/p>\n","protected":false},"author":1,"featured_media":0,"parent":0,"menu_order":0,"comment_status":"closed","ping_status":"closed","template":"","meta":{"footnotes":""},"class_list":["post-1944","page","type-page","status-publish","hentry"],"_links":{"self":[{"href":"https:\/\/iguanalocation.com\/index.php\/wp-json\/wp\/v2\/pages\/1944","targetHints":{"allow":["GET"]}}],"collection":[{"href":"https:\/\/iguanalocation.com\/index.php\/wp-json\/wp\/v2\/pages"}],"about":[{"href":"https:\/\/iguanalocation.com\/index.php\/wp-json\/wp\/v2\/types\/page"}],"author":[{"embeddable":true,"href":"https:\/\/iguanalocation.com\/index.php\/wp-json\/wp\/v2\/users\/1"}],"replies":[{"embeddable":true,"href":"https:\/\/iguanalocation.com\/index.php\/wp-json\/wp\/v2\/comments?post=1944"}],"version-history":[{"count":5,"href":"https:\/\/iguanalocation.com\/index.php\/wp-json\/wp\/v2\/pages\/1944\/revisions"}],"predecessor-version":[{"id":2629,"href":"https:\/\/iguanalocation.com\/index.php\/wp-json\/wp\/v2\/pages\/1944\/revisions\/2629"}],"wp:attachment":[{"href":"https:\/\/iguanalocation.com\/index.php\/wp-json\/wp\/v2\/media?parent=1944"}],"curies":[{"name":"wp","href":"https:\/\/api.w.org\/{rel}","templated":true}]}}